{"id":16,"date":"2024-04-20T20:09:52","date_gmt":"2024-04-20T17:09:52","guid":{"rendered":"https:\/\/pauliline.fi\/wordpress\/?page_id=16"},"modified":"2024-04-21T08:55:39","modified_gmt":"2024-04-21T05:55:39","slug":"16-2","status":"publish","type":"page","link":"https:\/\/pauliline.fi\/wordpress\/index.php\/16-2\/","title":{"rendered":"Pauli Line Premium"},"content":{"rendered":"\n<div style=\"height:var(--wp--preset--spacing--50)\" aria-hidden=\"true\" class=\"wp-block-spacer\"><\/div>\n\n\n\n<div class=\"wp-block-group alignwide has-global-padding is-layout-constrained wp-block-group-is-layout-constrained\">\n<h1 class=\"wp-block-heading alignwide has-xx-large-font-size\" style=\"line-height:1.2\"><\/h1>\n<\/div>\n\n\n\n<div class=\"wp-block-group alignfull has-global-padding is-layout-constrained wp-container-core-group-is-layout-669513ed wp-block-group-is-layout-constrained\" style=\"margin-top:0;margin-bottom:0;padding-top:var(--wp--preset--spacing--50);padding-right:var(--wp--preset--spacing--50);padding-bottom:var(--wp--preset--spacing--50);padding-left:var(--wp--preset--spacing--50)\">\n<div class=\"wp-block-group alignwide has-base-2-background-color has-background has-global-padding is-layout-constrained wp-container-core-group-is-layout-a151063b wp-block-group-is-layout-constrained\" style=\"border-radius:16px;padding-top:var(--wp--preset--spacing--50);padding-right:var(--wp--preset--spacing--40);padding-bottom:var(--wp--preset--spacing--50);padding-left:var(--wp--preset--spacing--40)\">\n<div class=\"wp-block-group alignwide is-vertical is-content-justification-stretch is-layout-flex wp-container-core-group-is-layout-353c4f5a wp-block-group-is-layout-flex\">\n<h2 class=\"wp-block-heading has-text-align-center\">Haluatko Pauli Line Premiumin<\/h2>\n\n\n\n<p class=\"has-text-align-center\" style=\"margin-top:var(--wp--preset--spacing--10);font-size:clamp(0.875rem, 0.875rem + ((1vw - 0.2rem) * 0.417), 1.125rem);\">Haluatko Matkustaa Kaikkialle<\/p>\n<\/div>\n\n\n\n<div style=\"height:var(--wp--preset--spacing--30)\" aria-hidden=\"true\" class=\"wp-block-spacer\"><\/div>\n\n\n\n<div class=\"wp-block-columns alignwide is-layout-flex wp-container-core-columns-is-layout-06670bbc wp-block-columns-is-layout-flex\">\n<div class=\"wp-block-column is-layout-flow wp-block-column-is-layout-flow\" style=\"border-top-color:var(--wp--preset--color--contrast-3);border-top-width:1px;padding-top:var(--wp--preset--spacing--30);padding-right:var(--wp--preset--spacing--30);padding-bottom:var(--wp--preset--spacing--10);padding-left:var(--wp--preset--spacing--30)\">\n<h4 class=\"wp-block-heading has-text-align-center has-medium-font-size\" style=\"padding-top:1px\">Ilmainen<\/h4>\n\n\n\n<h5 class=\"wp-block-heading has-text-align-center has-x-large-font-size\">0\u20ac\/Kuukausi<\/h5>\n\n\n\n<div style=\"height:var(--wp--preset--spacing--10)\" aria-hidden=\"true\" class=\"wp-block-spacer\"><\/div>\n\n\n\n<div class=\"wp-block-group is-vertical is-content-justification-stretch is-layout-flex wp-container-core-group-is-layout-353c4f5a wp-block-group-is-layout-flex\">\n<p class=\"has-text-align-center\">Sin\u00e4 Omistat T\u00e4m\u00e4n Aina<\/p>\n\n\n\n<hr class=\"wp-block-separator has-text-color has-contrast-3-color has-alpha-channel-opacity has-contrast-3-background-color has-background is-style-wide\"\/>\n\n\n\n<p class=\"has-text-align-center has-contrast-2-color has-text-color has-link-color wp-elements-79993d59753b73dc97c6dab0ce053e7d\">P\u00e4\u00e4set Buffettin<\/p>\n\n\n\n<hr class=\"wp-block-separator has-text-color has-contrast-3-color has-alpha-channel-opacity has-contrast-3-background-color has-background is-style-wide\"\/>\n\n\n\n<p class=\"has-text-align-center has-contrast-2-color has-text-color has-link-color wp-elements-01468095fcb2c77713011466e9df8a58\">P\u00e4\u00e4set Laivalle<\/p>\n\n\n\n<div style=\"height:0px\" aria-hidden=\"true\" class=\"wp-block-spacer wp-container-content-5cee9cb3\"><\/div>\n<\/div>\n\n\n\n<div class=\"wp-block-buttons is-content-justification-center is-layout-flex wp-container-core-buttons-is-layout-a89b3969 wp-block-buttons-is-layout-flex\">\n<div class=\"wp-block-button has-custom-width wp-block-button__width-100 is-style-outline is-style-outline--1\"><a class=\"wp-block-button__link wp-element-button\">Osta<\/a><\/div>\n<\/div>\n<\/div>\n\n\n\n<div class=\"wp-block-column is-layout-flow wp-block-column-is-layout-flow\" style=\"border-top-color:var(--wp--preset--color--contrast);border-top-width:2px;padding-top:var(--wp--preset--spacing--30);padding-right:var(--wp--preset--spacing--30);padding-bottom:var(--wp--preset--spacing--10);padding-left:var(--wp--preset--spacing--30)\">\n<h4 class=\"wp-block-heading has-text-align-center\">Premium<\/h4>\n\n\n\n<h5 class=\"wp-block-heading has-text-align-center has-x-large-font-size\">9.99\u20ac\/Kuukausi<\/h5>\n\n\n\n<div style=\"height:var(--wp--preset--spacing--10)\" aria-hidden=\"true\" class=\"wp-block-spacer\"><\/div>\n\n\n\n<div class=\"wp-block-group is-vertical is-content-justification-stretch is-layout-flex wp-container-core-group-is-layout-353c4f5a wp-block-group-is-layout-flex\">\n<p class=\"has-text-align-center\">Osta Premium hytti Vain 90\u20ac<\/p>\n\n\n\n<hr class=\"wp-block-separator has-text-color has-contrast-3-color has-alpha-channel-opacity has-contrast-3-background-color has-background is-style-wide\"\/>\n\n\n\n<p class=\"has-text-align-center\">P\u00e4\u00e4set Premium Buffettiin<\/p>\n\n\n\n<hr class=\"wp-block-separator has-text-color has-contrast-3-color has-alpha-channel-opacity has-contrast-3-background-color has-background is-style-wide\"\/>\n\n\n\n<p class=\"has-text-align-center\">P\u00e4\u00e4set Laivalle <\/p>\n<\/div>\n\n\n\n<div style=\"height:var(--wp--preset--spacing--10)\" aria-hidden=\"true\" class=\"wp-block-spacer\"><\/div>\n\n\n\n<div class=\"wp-block-buttons is-content-justification-center is-layout-flex wp-container-core-buttons-is-layout-a89b3969 wp-block-buttons-is-layout-flex\">\n<div class=\"wp-block-button has-custom-width wp-block-button__width-100 is-style-fill\"><a class=\"wp-block-button__link wp-element-button\">Osta<\/a><\/div>\n<\/div>\n<\/div>\n\n\n\n<div class=\"wp-block-column is-layout-flow wp-block-column-is-layout-flow\" style=\"border-top-color:var(--wp--preset--color--contrast-3);border-top-width:1px;padding-top:var(--wp--preset--spacing--30);padding-right:var(--wp--preset--spacing--30);padding-bottom:var(--wp--preset--spacing--10);padding-left:var(--wp--preset--spacing--30)\">\n<h4 class=\"wp-block-heading has-text-align-center has-medium-font-size\" style=\"padding-top:1px\">Vip<\/h4>\n\n\n\n<h5 class=\"wp-block-heading has-text-align-center has-x-large-font-size\">29.99\u20ac\/Kuukausi<\/h5>\n\n\n\n<div style=\"height:var(--wp--preset--spacing--10)\" aria-hidden=\"true\" class=\"wp-block-spacer\"><\/div>\n\n\n\n<div class=\"wp-block-group is-vertical is-content-justification-stretch is-layout-flex wp-container-core-group-is-layout-353c4f5a wp-block-group-is-layout-flex\">\n<p class=\"has-text-align-center\"> Osta Vip Hytti Vain 90\u20ac<\/p>\n\n\n\n<hr class=\"wp-block-separator has-text-color has-contrast-3-color has-alpha-channel-opacity has-contrast-3-background-color has-background is-style-wide\"\/>\n\n\n\n<p class=\"has-text-align-center\">P\u00e4\u00e4set Vip ja Premium buffettin<\/p>\n\n\n\n<hr class=\"wp-block-separator has-text-color has-contrast-3-color has-alpha-channel-opacity has-contrast-3-background-color has-background is-style-wide\"\/>\n\n\n\n<p class=\"has-text-align-center\">P\u00e4\u00e4set Laivalle Vip Reitti\u00e4<\/p>\n<\/div>\n\n\n\n<div style=\"height:var(--wp--preset--spacing--10)\" aria-hidden=\"true\" class=\"wp-block-spacer\"><\/div>\n\n\n\n<div class=\"wp-block-buttons is-content-justification-center is-layout-flex wp-container-core-buttons-is-layout-a89b3969 wp-block-buttons-is-layout-flex\">\n<div class=\"wp-block-button has-custom-width wp-block-button__width-100 is-style-outline is-style-outline--2\"><a class=\"wp-block-button__link wp-element-button\">Osta<\/a><\/div>\n<\/div>\n<\/div>\n<\/div>\n<\/div>\n<\/div>\n\n\n\n<div class=\"wp-block-buttons is-layout-flex wp-block-buttons-is-layout-flex\">\n<div class=\"wp-block-button\"><a class=\"wp-block-button__link wp-element-button\" href=\"https:\/\/pauliline.fi\/wordpress\/\">Takaisin Pauli Lineen<\/a><\/div>\n<\/div>\n","protected":false},"excerpt":{"rendered":"<p>Haluatko Pauli Line Premiumin Haluatko Matkustaa Kaikkialle Ilmainen 0\u20ac\/Kuukausi Sin\u00e4 Omistat T\u00e4m\u00e4n Aina P\u00e4\u00e4set Buffettin P\u00e4\u00e4set Laivalle Premium 9.99\u20ac\/Kuukausi Osta Premium hytti Vain 90\u20ac P\u00e4\u00e4set Premium Buffettiin P\u00e4\u00e4set Laivalle Vip 29.99\u20ac\/Kuukausi Osta Vip Hytti Vain 90\u20ac P\u00e4\u00e4set Vip ja Premium buffettin P\u00e4\u00e4set Laivalle Vip Reitti\u00e4<\/p>\n","protected":false},"author":1,"featured_media":0,"parent":0,"menu_order":0,"comment_status":"closed","ping_status":"closed","template":"","meta":{"footnotes":""},"class_list":["post-16","page","type-page","status-publish","hentry"],"_links":{"self":[{"href":"https:\/\/pauliline.fi\/wordpress\/index.php\/wp-json\/wp\/v2\/pages\/16","targetHints":{"allow":["GET"]}}],"collection":[{"href":"https:\/\/pauliline.fi\/wordpress\/index.php\/wp-json\/wp\/v2\/pages"}],"about":[{"href":"https:\/\/pauliline.fi\/wordpress\/index.php\/wp-json\/wp\/v2\/types\/page"}],"author":[{"embeddable":true,"href":"https:\/\/pauliline.fi\/wordpress\/index.php\/wp-json\/wp\/v2\/users\/1"}],"replies":[{"embeddable":true,"href":"https:\/\/pauliline.fi\/wordpress\/index.php\/wp-json\/wp\/v2\/comments?post=16"}],"version-history":[{"count":4,"href":"https:\/\/pauliline.fi\/wordpress\/index.php\/wp-json\/wp\/v2\/pages\/16\/revisions"}],"predecessor-version":[{"id":42,"href":"https:\/\/pauliline.fi\/wordpress\/index.php\/wp-json\/wp\/v2\/pages\/16\/revisions\/42"}],"wp:attachment":[{"href":"https:\/\/pauliline.fi\/wordpress\/index.php\/wp-json\/wp\/v2\/media?parent=16"}],"curies":[{"name":"wp","href":"https:\/\/api.w.org\/{rel}","templated":true}]}}